{"id":82,"date":"2017-08-17T10:48:08","date_gmt":"2017-08-17T08:48:08","guid":{"rendered":"http:\/\/demo.themefreesia.com\/idyllic-creative-agency\/?page_id=82"},"modified":"2025-12-29T23:53:26","modified_gmt":"2025-12-29T22:53:26","slug":"stunning-features","status":"publish","type":"page","link":"https:\/\/www.pogorockband.de\/prb\/stunning-features\/","title":{"rendered":"the new pogo project"},"content":{"rendered":"<p><strong>Gegenw\u00e4rtig geh\u00f6ren zur Band:<\/strong><\/p>\n<p>Peter &#8211; Bass, Gitarre, Vocals, Komposition und Text<br \/>Ralf &#8211; Gitarre, Vocals<br \/>Ilja &#8211; Drums, Percussion<br \/>Cliff &#8211; Leadgitarre<br \/>Liah -Leadvoc<\/p>\n<p><strong>the new pogo project <\/strong>gr\u00fcndete sich am 01.01.2026 und gab das 1. Konzert am 02.01.2026 in\u00a0 \u00a0 \u00a0<br \/>der 12\u00b0 Aetherloge in Berlin.<\/p>\n<p>Das Projekt entstand aud der POGORockBAND.<\/p>\n<p>Die Pogo-Rockband wurde 2008 anl\u00e4sslich des 15- j\u00e4hrigen Jubil\u00e4ums des Belziger Jugendclubs &#8222;Pogo&#8220; gegr\u00fcndet.<\/p>\n<p><!--more--><\/p>\n<p>Zum Programm geh\u00f6rten neben einigen wenigen eigenen Songs, vor allem Musik von Kollegen aus der ganzen Welt und aus verschiedenen Zeiten. Da sind mal die Box Tops mit &#8222;The Letter&#8220; von 1967 oder Avicii &#8222;Hey Brother&#8220; von 2012 und dann The Ting Tings mit &#8222;Shut up and let me go&#8220; von 2008 zu h\u00f6ren&#8230;<\/p>\n\n\n<h4 class=\"wp-block-heading\">Repertoire (alt)<\/h4>\n\n\n\n<p>ACDC &#8211;&nbsp; &#8222;tnt&#8220;<br>Adele &#8211;&nbsp; &#8222;rolling in the deep&#8220;<br>AlanisMorissette &#8211; &#8222;ironic&#8220;<br>Amy MacDonald &nbsp;&#8211; &#8222;this is the life&#8220;<br>Amy Winehouse &#8211; &#8222;valerie&#8220;<br>Avicii &#8211; &#8222;hey brother&#8220;<\/p>\n\n\n\n<p>Blondie&nbsp; &#8211; &#8222;one way or another&#8220;<\/p>\n\n\n\n<p>Creed &#8211;&nbsp; &#8222;one last breath&#8220;<br><br>Dido &#8211; &#8222;white flag&#8220;<br>Die \u00c4rzte &#8211; &#8222;wie es geht&#8220;<br>Dynamo 5 oder The Box Tops &nbsp;&#8211; &#8222;the letter&#8220;<\/p>\n\n\n\n<p>Edwyn Collins &#8211; &#8222;a girl like you&#8220;<br><br>Flyleaf&nbsp; &#8211; &#8222;fully alive&#8220;<br>Gabriella Cilmi &#8211; &#8222;sweet about me&#8220;<br>George Ezra &#8211; &#8222;budapest&#8220;&nbsp;<br>Green Day &#8211;&nbsp; &#8222;when I come around&#8220; und &#8222;basket case&#8220;<br><br>Jennifer Kae  &#8211; &#8222;little white lies&#8220;<\/p>\n\n\n\n<p>KT Unstall&nbsp; &#8211; &#8222;suddenly I see&#8220;<\/p>\n\n\n\n<p>Lenny Kravitz &#8211; &#8222;are you gonna go my way&#8220;<br>Liquido &#8211; &#8222;narcotic&#8220;<br><br>Maria Mena&nbsp; &#8211; &#8222;all this time (pick me up song)&#8220;<\/p>\n\n\n\n<p>Nancy Sinatra &nbsp;&#8211; &#8222;these boots were made for walkin&#8220;<br>No Doubt&nbsp; &#8211; &#8222;don`t speak&#8220;<\/p>\n\n\n\n<p>Of Monsters and Men &nbsp;&#8211; &#8222;little talks&#8220;<\/p>\n\n\n\n<p>Razorlight &#8211;&nbsp; &#8222;wire to wire&#8220;<br>Roxette &#8211; &#8222;sleeping in my car&#8220;<\/p>\n\n\n\n<p>Sunrise Avenue &#8211; &#8222;fairytale gone bad&#8220;<br>Sixpence None The Richer &#8211; &#8222;kiss Me&#8220;<\/p>\n\n\n\n<p>The Animals &#8211; &#8222;house of the rising sun&#8220;<br>The Beatles &#8211;&nbsp; &#8222;come together&#8220;<br>The Monkees &#8211; &#8222;i&#8217;m a believer&#8220;<br>The Police &nbsp;&#8211; &#8222;so lonely&#8220;<br>The Ting Tings &#8211; &#8222;shut up &amp; let me go&#8220; und &#8222;thats not my name&#8220;<br><br>Udo Lindenberg &#8211; &#8222;mein Ding&#8220;, &#8222;gegen die Str\u00f6mung&#8220;<\/p>\n\n\n\n<p>ZZ Top &nbsp;&#8211; &#8222;gimme all your lovin&#8220;\/&#8220;sharp dress man&#8220;&nbsp;<\/p>\n\n\n\n<p>Die Eigenen: &#8211; &#8222;guardian angel&#8220;<\/p>\n\n\n\n<p>Selten gespielte Songs &#8211; z.B. in unseren unplugged-Konzerten &#8211; wurden hier nicht aufgef\u00fchrt.<\/p>\n","protected":false},"excerpt":{"rendered":"<p>Gegenw\u00e4rtig geh\u00f6ren zur Band: Peter &#8211; Bass, Gitarre, Vocals, Komposition und TextRalf &#8211; Gitarre, VocalsIlja &#8211; Drums, PercussionCliff &#8211; LeadgitarreLiah -Leadvoc the new pogo project gr\u00fcndete sich am 01.01.2026 und gab das 1. Konzert am 02.01.2026 in\u00a0 \u00a0 \u00a0der 12\u00b0 Aetherloge in Berlin. Das Projekt entstand aud der POGORockBAND. Die&hellip; <\/p>\n","protected":false},"author":1,"featured_media":420,"parent":0,"menu_order":0,"comment_status":"closed","ping_status":"closed","template":"","meta":{"footnotes":""},"class_list":["post-82","page","type-page","status-publish","has-post-thumbnail","hentry"],"_links":{"self":[{"href":"https:\/\/www.pogorockband.de\/prb\/wp-json\/wp\/v2\/pages\/82","targetHints":{"allow":["GET"]}}],"collection":[{"href":"https:\/\/www.pogorockband.de\/prb\/wp-json\/wp\/v2\/pages"}],"about":[{"href":"https:\/\/www.pogorockband.de\/prb\/wp-json\/wp\/v2\/types\/page"}],"author":[{"embeddable":true,"href":"https:\/\/www.pogorockband.de\/prb\/wp-json\/wp\/v2\/users\/1"}],"replies":[{"embeddable":true,"href":"https:\/\/www.pogorockband.de\/prb\/wp-json\/wp\/v2\/comments?post=82"}],"version-history":[{"count":4,"href":"https:\/\/www.pogorockband.de\/prb\/wp-json\/wp\/v2\/pages\/82\/revisions"}],"predecessor-version":[{"id":937,"href":"https:\/\/www.pogorockband.de\/prb\/wp-json\/wp\/v2\/pages\/82\/revisions\/937"}],"wp:featuredmedia":[{"embeddable":true,"href":"https:\/\/www.pogorockband.de\/prb\/wp-json\/wp\/v2\/media\/420"}],"wp:attachment":[{"href":"https:\/\/www.pogorockband.de\/prb\/wp-json\/wp\/v2\/media?parent=82"}],"curies":[{"name":"wp","href":"https:\/\/api.w.org\/{rel}","templated":true}]}}