{"id":52,"date":"2017-08-17T10:25:14","date_gmt":"2017-08-17T10:25:14","guid":{"rendered":"http:\/\/demo.themefreesia.com\/idyllic-creative-agency\/?page_id=52"},"modified":"2019-01-15T15:10:31","modified_gmt":"2019-01-15T14:10:31","slug":"unsere-buehnenshow","status":"publish","type":"page","link":"https:\/\/www.pogorockband.de\/prb\/unsere-angebote\/unsere-buehnenshow\/","title":{"rendered":"Unsere B\u00fchnenshow"},"content":{"rendered":"<p>2 bis 3 Stunden Livemusik mit speziellen Bl\u00f6cken (Von ZZ TOP bis Udo Lindenberg), Gesang durch S\u00e4nger und S\u00e4ngerin <\/p>\n\n\n<p><\/p>\n","protected":false},"excerpt":{"rendered":"<p>2 bis 3 Stunden Livemusik mit speziellen Bl\u00f6cken (Von ZZ TOP bis Udo Lindenberg), Gesang durch S\u00e4nger und S\u00e4ngerin<\/p>\n","protected":false},"author":1,"featured_media":0,"parent":54,"menu_order":0,"comment_status":"closed","ping_status":"closed","template":"","meta":{"footnotes":""},"class_list":["post-52","page","type-page","status-publish","hentry"],"_links":{"self":[{"href":"https:\/\/www.pogorockband.de\/prb\/wp-json\/wp\/v2\/pages\/52","targetHints":{"allow":["GET"]}}],"collection":[{"href":"https:\/\/www.pogorockband.de\/prb\/wp-json\/wp\/v2\/pages"}],"about":[{"href":"https:\/\/www.pogorockband.de\/prb\/wp-json\/wp\/v2\/types\/page"}],"author":[{"embeddable":true,"href":"https:\/\/www.pogorockband.de\/prb\/wp-json\/wp\/v2\/users\/1"}],"replies":[{"embeddable":true,"href":"https:\/\/www.pogorockband.de\/prb\/wp-json\/wp\/v2\/comments?post=52"}],"version-history":[{"count":0,"href":"https:\/\/www.pogorockband.de\/prb\/wp-json\/wp\/v2\/pages\/52\/revisions"}],"up":[{"embeddable":true,"href":"https:\/\/www.pogorockband.de\/prb\/wp-json\/wp\/v2\/pages\/54"}],"wp:attachment":[{"href":"https:\/\/www.pogorockband.de\/prb\/wp-json\/wp\/v2\/media?parent=52"}],"curies":[{"name":"wp","href":"https:\/\/api.w.org\/{rel}","templated":true}]}}